



{"id":820,"date":"2022-02-01T12:12:23","date_gmt":"2022-02-01T12:12:23","guid":{"rendered":"https:\/\/campingigara.com\/instalaciones\/"},"modified":"2023-05-26T14:56:50","modified_gmt":"2023-05-26T13:56:50","slug":"installations","status":"publish","type":"page","link":"https:\/\/campingigara.com\/fr\/installations\/","title":{"rendered":"Installations"},"content":{"rendered":"","protected":false},"excerpt":{"rendered":"","protected":false},"author":1,"featured_media":0,"parent":0,"menu_order":0,"comment_status":"closed","ping_status":"closed","template":"","meta":[],"yoast_head":"<!-- This site is optimized with the Yoast SEO plugin v18.2 - https:\/\/yoast.com\/wordpress\/plugins\/seo\/ -->\n<title>Installations - Camping Igara de San Sebasti\u00e1n<\/title>\n<meta name=\"description\" content=\"Nous disposons d&#039;espaces communs, d&#039;une piscine, d&#039;une sup\u00e9rette et d&#039;autres installations et services pour rendre votre s\u00e9jour au camping plus confortable.\" \/>\n<meta name=\"robots\" content=\"index, follow, max-snippet:-1, max-image-preview:large, max-video-preview:-1\" \/>\n<link rel=\"canonical\" href=\"https:\/\/campingigara.com\/fr\/installations\/\" \/>\n<meta property=\"og:locale\" content=\"fr_FR\" \/>\n<meta property=\"og:type\" content=\"article\" \/>\n<meta property=\"og:title\" content=\"Installations - Camping Igara de San Sebasti\u00e1n\" \/>\n<meta property=\"og:description\" content=\"Nous disposons d&#039;espaces communs, d&#039;une piscine, d&#039;une sup\u00e9rette et d&#039;autres installations et services pour rendre votre s\u00e9jour au camping plus confortable.\" \/>\n<meta property=\"og:url\" content=\"https:\/\/campingigara.com\/fr\/installations\/\" \/>\n<meta property=\"og:site_name\" content=\"Camping Igara de San Sebasti\u00e1n\" \/>\n<meta property=\"article:modified_time\" content=\"2023-05-26T13:56:50+00:00\" \/>\n<meta name=\"twitter:card\" content=\"summary_large_image\" \/>\n<script type=\"application\/ld+json\" class=\"yoast-schema-graph\">{\"@context\":\"https:\/\/schema.org\",\"@graph\":[{\"@type\":\"WebSite\",\"@id\":\"https:\/\/campingigara.com\/#website\",\"url\":\"https:\/\/campingigara.com\/\",\"name\":\"Camping Igara de San Sebasti\u00e1n\",\"description\":\"a 10 minutos de San Sebasti\u00e1n\",\"potentialAction\":[{\"@type\":\"SearchAction\",\"target\":{\"@type\":\"EntryPoint\",\"urlTemplate\":\"https:\/\/campingigara.com\/?s={search_term_string}\"},\"query-input\":\"required name=search_term_string\"}],\"inLanguage\":\"fr-FR\"},{\"@type\":\"WebPage\",\"@id\":\"https:\/\/campingigara.com\/fr\/installations\/#webpage\",\"url\":\"https:\/\/campingigara.com\/fr\/installations\/\",\"name\":\"Installations - Camping Igara de San Sebasti\u00e1n\",\"isPartOf\":{\"@id\":\"https:\/\/campingigara.com\/#website\"},\"datePublished\":\"2022-02-01T12:12:23+00:00\",\"dateModified\":\"2023-05-26T13:56:50+00:00\",\"description\":\"Nous disposons d'espaces communs, d'une piscine, d'une sup\u00e9rette et d'autres installations et services pour rendre votre s\u00e9jour au camping plus confortable.\",\"breadcrumb\":{\"@id\":\"https:\/\/campingigara.com\/fr\/installations\/#breadcrumb\"},\"inLanguage\":\"fr-FR\",\"potentialAction\":[{\"@type\":\"ReadAction\",\"target\":[\"https:\/\/campingigara.com\/fr\/installations\/\"]}]},{\"@type\":\"BreadcrumbList\",\"@id\":\"https:\/\/campingigara.com\/fr\/installations\/#breadcrumb\",\"itemListElement\":[{\"@type\":\"ListItem\",\"position\":1,\"name\":\"Portada\",\"item\":\"https:\/\/campingigara.com\/fr\/\"},{\"@type\":\"ListItem\",\"position\":2,\"name\":\"Installations\"}]}]}<\/script>\n<!-- \/ Yoast SEO plugin. -->","yoast_head_json":{"title":"Installations - Camping Igara de San Sebasti\u00e1n","description":"Nous disposons d'espaces communs, d'une piscine, d'une sup\u00e9rette et d'autres installations et services pour rendre votre s\u00e9jour au camping plus confortable.","robots":{"index":"index","follow":"follow","max-snippet":"max-snippet:-1","max-image-preview":"max-image-preview:large","max-video-preview":"max-video-preview:-1"},"canonical":"https:\/\/campingigara.com\/fr\/installations\/","og_locale":"fr_FR","og_type":"article","og_title":"Installations - Camping Igara de San Sebasti\u00e1n","og_description":"Nous disposons d'espaces communs, d'une piscine, d'une sup\u00e9rette et d'autres installations et services pour rendre votre s\u00e9jour au camping plus confortable.","og_url":"https:\/\/campingigara.com\/fr\/installations\/","og_site_name":"Camping Igara de San Sebasti\u00e1n","article_modified_time":"2023-05-26T13:56:50+00:00","twitter_card":"summary_large_image","schema":{"@context":"https:\/\/schema.org","@graph":[{"@type":"WebSite","@id":"https:\/\/campingigara.com\/#website","url":"https:\/\/campingigara.com\/","name":"Camping Igara de San Sebasti\u00e1n","description":"a 10 minutos de San Sebasti\u00e1n","potentialAction":[{"@type":"SearchAction","target":{"@type":"EntryPoint","urlTemplate":"https:\/\/campingigara.com\/?s={search_term_string}"},"query-input":"required name=search_term_string"}],"inLanguage":"fr-FR"},{"@type":"WebPage","@id":"https:\/\/campingigara.com\/fr\/installations\/#webpage","url":"https:\/\/campingigara.com\/fr\/installations\/","name":"Installations - Camping Igara de San Sebasti\u00e1n","isPartOf":{"@id":"https:\/\/campingigara.com\/#website"},"datePublished":"2022-02-01T12:12:23+00:00","dateModified":"2023-05-26T13:56:50+00:00","description":"Nous disposons d'espaces communs, d'une piscine, d'une sup\u00e9rette et d'autres installations et services pour rendre votre s\u00e9jour au camping plus confortable.","breadcrumb":{"@id":"https:\/\/campingigara.com\/fr\/installations\/#breadcrumb"},"inLanguage":"fr-FR","potentialAction":[{"@type":"ReadAction","target":["https:\/\/campingigara.com\/fr\/installations\/"]}]},{"@type":"BreadcrumbList","@id":"https:\/\/campingigara.com\/fr\/installations\/#breadcrumb","itemListElement":[{"@type":"ListItem","position":1,"name":"Portada","item":"https:\/\/campingigara.com\/fr\/"},{"@type":"ListItem","position":2,"name":"Installations"}]}]}},"acf":[],"_links":{"self":[{"href":"https:\/\/campingigara.com\/fr\/wp-json\/wp\/v2\/pages\/820"}],"collection":[{"href":"https:\/\/campingigara.com\/fr\/wp-json\/wp\/v2\/pages"}],"about":[{"href":"https:\/\/campingigara.com\/fr\/wp-json\/wp\/v2\/types\/page"}],"author":[{"embeddable":true,"href":"https:\/\/campingigara.com\/fr\/wp-json\/wp\/v2\/users\/1"}],"replies":[{"embeddable":true,"href":"https:\/\/campingigara.com\/fr\/wp-json\/wp\/v2\/comments?post=820"}],"version-history":[{"count":3,"href":"https:\/\/campingigara.com\/fr\/wp-json\/wp\/v2\/pages\/820\/revisions"}],"predecessor-version":[{"id":986,"href":"https:\/\/campingigara.com\/fr\/wp-json\/wp\/v2\/pages\/820\/revisions\/986"}],"wp:attachment":[{"href":"https:\/\/campingigara.com\/fr\/wp-json\/wp\/v2\/media?parent=820"}],"curies":[{"name":"wp","href":"https:\/\/api.w.org\/{rel}","templated":true}]}}