



{"id":821,"date":"2021-12-09T16:28:16","date_gmt":"2021-12-09T16:28:16","guid":{"rendered":"https:\/\/campingigara.com\/maui-lounge-bar\/"},"modified":"2023-02-08T12:24:37","modified_gmt":"2023-02-08T11:24:37","slug":"lounge-bar-maui","status":"publish","type":"page","link":"https:\/\/campingigara.com\/fr\/lounge-bar-maui\/","title":{"rendered":"Lounge Bar Maui"},"content":{"rendered":"","protected":false},"excerpt":{"rendered":"","protected":false},"author":1,"featured_media":0,"parent":0,"menu_order":0,"comment_status":"closed","ping_status":"closed","template":"templates\/tmp-restaurant.php","meta":[],"yoast_head":"<!-- This site is optimized with the Yoast SEO plugin v18.2 - https:\/\/yoast.com\/wordpress\/plugins\/seo\/ -->\n<title>Lounge Bar Maui - Camping Igara de San Sebasti\u00e1n<\/title>\n<meta name=\"description\" content=\"Au bar Maui Lounge, pr\u00e8s de la piscine, vous pourrez d\u00e9guster une grande vari\u00e9t\u00e9 de cocktails alcoolis\u00e9s et non alcoolis\u00e9s pour tous les go\u00fbts\" \/>\n<meta name=\"robots\" content=\"index, follow, max-snippet:-1, max-image-preview:large, max-video-preview:-1\" \/>\n<link rel=\"canonical\" href=\"https:\/\/campingigara.com\/fr\/lounge-bar-maui\/\" \/>\n<meta property=\"og:locale\" content=\"fr_FR\" \/>\n<meta property=\"og:type\" content=\"article\" \/>\n<meta property=\"og:title\" content=\"Lounge Bar Maui - Camping Igara de San Sebasti\u00e1n\" \/>\n<meta property=\"og:description\" content=\"Au bar Maui Lounge, pr\u00e8s de la piscine, vous pourrez d\u00e9guster une grande vari\u00e9t\u00e9 de cocktails alcoolis\u00e9s et non alcoolis\u00e9s pour tous les go\u00fbts\" \/>\n<meta property=\"og:url\" content=\"https:\/\/campingigara.com\/fr\/lounge-bar-maui\/\" \/>\n<meta property=\"og:site_name\" content=\"Camping Igara de San Sebasti\u00e1n\" \/>\n<meta property=\"article:modified_time\" content=\"2023-02-08T11:24:37+00:00\" \/>\n<meta name=\"twitter:card\" content=\"summary_large_image\" \/>\n<script type=\"application\/ld+json\" class=\"yoast-schema-graph\">{\"@context\":\"https:\/\/schema.org\",\"@graph\":[{\"@type\":\"WebSite\",\"@id\":\"https:\/\/campingigara.com\/#website\",\"url\":\"https:\/\/campingigara.com\/\",\"name\":\"Camping Igara de San Sebasti\u00e1n\",\"description\":\"a 10 minutos de San Sebasti\u00e1n\",\"potentialAction\":[{\"@type\":\"SearchAction\",\"target\":{\"@type\":\"EntryPoint\",\"urlTemplate\":\"https:\/\/campingigara.com\/?s={search_term_string}\"},\"query-input\":\"required name=search_term_string\"}],\"inLanguage\":\"fr-FR\"},{\"@type\":\"WebPage\",\"@id\":\"https:\/\/campingigara.com\/fr\/lounge-bar-maui\/#webpage\",\"url\":\"https:\/\/campingigara.com\/fr\/lounge-bar-maui\/\",\"name\":\"Lounge Bar Maui - Camping Igara de San Sebasti\u00e1n\",\"isPartOf\":{\"@id\":\"https:\/\/campingigara.com\/#website\"},\"datePublished\":\"2021-12-09T16:28:16+00:00\",\"dateModified\":\"2023-02-08T11:24:37+00:00\",\"description\":\"Au bar Maui Lounge, pr\u00e8s de la piscine, vous pourrez d\u00e9guster une grande vari\u00e9t\u00e9 de cocktails alcoolis\u00e9s et non alcoolis\u00e9s pour tous les go\u00fbts\",\"breadcrumb\":{\"@id\":\"https:\/\/campingigara.com\/fr\/lounge-bar-maui\/#breadcrumb\"},\"inLanguage\":\"fr-FR\",\"potentialAction\":[{\"@type\":\"ReadAction\",\"target\":[\"https:\/\/campingigara.com\/fr\/lounge-bar-maui\/\"]}]},{\"@type\":\"BreadcrumbList\",\"@id\":\"https:\/\/campingigara.com\/fr\/lounge-bar-maui\/#breadcrumb\",\"itemListElement\":[{\"@type\":\"ListItem\",\"position\":1,\"name\":\"Portada\",\"item\":\"https:\/\/campingigara.com\/fr\/\"},{\"@type\":\"ListItem\",\"position\":2,\"name\":\"Lounge Bar Maui\"}]}]}<\/script>\n<!-- \/ Yoast SEO plugin. -->","yoast_head_json":{"title":"Lounge Bar Maui - Camping Igara de San Sebasti\u00e1n","description":"Au bar Maui Lounge, pr\u00e8s de la piscine, vous pourrez d\u00e9guster une grande vari\u00e9t\u00e9 de cocktails alcoolis\u00e9s et non alcoolis\u00e9s pour tous les go\u00fbts","robots":{"index":"index","follow":"follow","max-snippet":"max-snippet:-1","max-image-preview":"max-image-preview:large","max-video-preview":"max-video-preview:-1"},"canonical":"https:\/\/campingigara.com\/fr\/lounge-bar-maui\/","og_locale":"fr_FR","og_type":"article","og_title":"Lounge Bar Maui - Camping Igara de San Sebasti\u00e1n","og_description":"Au bar Maui Lounge, pr\u00e8s de la piscine, vous pourrez d\u00e9guster une grande vari\u00e9t\u00e9 de cocktails alcoolis\u00e9s et non alcoolis\u00e9s pour tous les go\u00fbts","og_url":"https:\/\/campingigara.com\/fr\/lounge-bar-maui\/","og_site_name":"Camping Igara de San Sebasti\u00e1n","article_modified_time":"2023-02-08T11:24:37+00:00","twitter_card":"summary_large_image","schema":{"@context":"https:\/\/schema.org","@graph":[{"@type":"WebSite","@id":"https:\/\/campingigara.com\/#website","url":"https:\/\/campingigara.com\/","name":"Camping Igara de San Sebasti\u00e1n","description":"a 10 minutos de San Sebasti\u00e1n","potentialAction":[{"@type":"SearchAction","target":{"@type":"EntryPoint","urlTemplate":"https:\/\/campingigara.com\/?s={search_term_string}"},"query-input":"required name=search_term_string"}],"inLanguage":"fr-FR"},{"@type":"WebPage","@id":"https:\/\/campingigara.com\/fr\/lounge-bar-maui\/#webpage","url":"https:\/\/campingigara.com\/fr\/lounge-bar-maui\/","name":"Lounge Bar Maui - Camping Igara de San Sebasti\u00e1n","isPartOf":{"@id":"https:\/\/campingigara.com\/#website"},"datePublished":"2021-12-09T16:28:16+00:00","dateModified":"2023-02-08T11:24:37+00:00","description":"Au bar Maui Lounge, pr\u00e8s de la piscine, vous pourrez d\u00e9guster une grande vari\u00e9t\u00e9 de cocktails alcoolis\u00e9s et non alcoolis\u00e9s pour tous les go\u00fbts","breadcrumb":{"@id":"https:\/\/campingigara.com\/fr\/lounge-bar-maui\/#breadcrumb"},"inLanguage":"fr-FR","potentialAction":[{"@type":"ReadAction","target":["https:\/\/campingigara.com\/fr\/lounge-bar-maui\/"]}]},{"@type":"BreadcrumbList","@id":"https:\/\/campingigara.com\/fr\/lounge-bar-maui\/#breadcrumb","itemListElement":[{"@type":"ListItem","position":1,"name":"Portada","item":"https:\/\/campingigara.com\/fr\/"},{"@type":"ListItem","position":2,"name":"Lounge Bar Maui"}]}]}},"acf":[],"_links":{"self":[{"href":"https:\/\/campingigara.com\/fr\/wp-json\/wp\/v2\/pages\/821"}],"collection":[{"href":"https:\/\/campingigara.com\/fr\/wp-json\/wp\/v2\/pages"}],"about":[{"href":"https:\/\/campingigara.com\/fr\/wp-json\/wp\/v2\/types\/page"}],"author":[{"embeddable":true,"href":"https:\/\/campingigara.com\/fr\/wp-json\/wp\/v2\/users\/1"}],"replies":[{"embeddable":true,"href":"https:\/\/campingigara.com\/fr\/wp-json\/wp\/v2\/comments?post=821"}],"version-history":[{"count":2,"href":"https:\/\/campingigara.com\/fr\/wp-json\/wp\/v2\/pages\/821\/revisions"}],"predecessor-version":[{"id":852,"href":"https:\/\/campingigara.com\/fr\/wp-json\/wp\/v2\/pages\/821\/revisions\/852"}],"wp:attachment":[{"href":"https:\/\/campingigara.com\/fr\/wp-json\/wp\/v2\/media?parent=821"}],"curies":[{"name":"wp","href":"https:\/\/api.w.org\/{rel}","templated":true}]}}