



{"id":823,"date":"2021-12-09T14:33:37","date_gmt":"2021-12-09T14:33:37","guid":{"rendered":"https:\/\/campingigara.com\/tarjeta-acsi\/"},"modified":"2025-02-10T16:23:34","modified_gmt":"2025-02-10T15:23:34","slug":"carte-acsi","status":"publish","type":"page","link":"https:\/\/campingigara.com\/fr\/carte-acsi\/","title":{"rendered":"Carte ACSI"},"content":{"rendered":"","protected":false},"excerpt":{"rendered":"","protected":false},"author":1,"featured_media":0,"parent":0,"menu_order":0,"comment_status":"closed","ping_status":"closed","template":"","meta":[],"yoast_head":"<!-- This site is optimized with the Yoast SEO plugin v18.2 - https:\/\/yoast.com\/wordpress\/plugins\/seo\/ -->\n<title>Carte ACSI - Camping Igara de San Sebasti\u00e1n<\/title>\n<meta name=\"description\" content=\"Conditions et avantages de la carte ACSI que les campeurs peuvent acheter pour b\u00e9n\u00e9ficier de r\u00e9ductions et d&#039;autres avantages.\" \/>\n<meta name=\"robots\" content=\"index, follow, max-snippet:-1, max-image-preview:large, max-video-preview:-1\" \/>\n<link rel=\"canonical\" href=\"https:\/\/campingigara.com\/fr\/carte-acsi\/\" \/>\n<meta property=\"og:locale\" content=\"fr_FR\" \/>\n<meta property=\"og:type\" content=\"article\" \/>\n<meta property=\"og:title\" content=\"Carte ACSI - Camping Igara de San Sebasti\u00e1n\" \/>\n<meta property=\"og:description\" content=\"Conditions et avantages de la carte ACSI que les campeurs peuvent acheter pour b\u00e9n\u00e9ficier de r\u00e9ductions et d&#039;autres avantages.\" \/>\n<meta property=\"og:url\" content=\"https:\/\/campingigara.com\/fr\/carte-acsi\/\" \/>\n<meta property=\"og:site_name\" content=\"Camping Igara de San Sebasti\u00e1n\" \/>\n<meta property=\"article:modified_time\" content=\"2025-02-10T15:23:34+00:00\" \/>\n<meta name=\"twitter:card\" content=\"summary_large_image\" \/>\n<script type=\"application\/ld+json\" class=\"yoast-schema-graph\">{\"@context\":\"https:\/\/schema.org\",\"@graph\":[{\"@type\":\"WebSite\",\"@id\":\"https:\/\/campingigara.com\/#website\",\"url\":\"https:\/\/campingigara.com\/\",\"name\":\"Camping Igara de San Sebasti\u00e1n\",\"description\":\"a 10 minutos de San Sebasti\u00e1n\",\"potentialAction\":[{\"@type\":\"SearchAction\",\"target\":{\"@type\":\"EntryPoint\",\"urlTemplate\":\"https:\/\/campingigara.com\/?s={search_term_string}\"},\"query-input\":\"required name=search_term_string\"}],\"inLanguage\":\"fr-FR\"},{\"@type\":\"WebPage\",\"@id\":\"https:\/\/campingigara.com\/fr\/carte-acsi\/#webpage\",\"url\":\"https:\/\/campingigara.com\/fr\/carte-acsi\/\",\"name\":\"Carte ACSI - Camping Igara de San Sebasti\u00e1n\",\"isPartOf\":{\"@id\":\"https:\/\/campingigara.com\/#website\"},\"datePublished\":\"2021-12-09T14:33:37+00:00\",\"dateModified\":\"2025-02-10T15:23:34+00:00\",\"description\":\"Conditions et avantages de la carte ACSI que les campeurs peuvent acheter pour b\u00e9n\u00e9ficier de r\u00e9ductions et d'autres avantages.\",\"breadcrumb\":{\"@id\":\"https:\/\/campingigara.com\/fr\/carte-acsi\/#breadcrumb\"},\"inLanguage\":\"fr-FR\",\"potentialAction\":[{\"@type\":\"ReadAction\",\"target\":[\"https:\/\/campingigara.com\/fr\/carte-acsi\/\"]}]},{\"@type\":\"BreadcrumbList\",\"@id\":\"https:\/\/campingigara.com\/fr\/carte-acsi\/#breadcrumb\",\"itemListElement\":[{\"@type\":\"ListItem\",\"position\":1,\"name\":\"Portada\",\"item\":\"https:\/\/campingigara.com\/fr\/\"},{\"@type\":\"ListItem\",\"position\":2,\"name\":\"Carte ACSI\"}]}]}<\/script>\n<!-- \/ Yoast SEO plugin. -->","yoast_head_json":{"title":"Carte ACSI - Camping Igara de San Sebasti\u00e1n","description":"Conditions et avantages de la carte ACSI que les campeurs peuvent acheter pour b\u00e9n\u00e9ficier de r\u00e9ductions et d'autres avantages.","robots":{"index":"index","follow":"follow","max-snippet":"max-snippet:-1","max-image-preview":"max-image-preview:large","max-video-preview":"max-video-preview:-1"},"canonical":"https:\/\/campingigara.com\/fr\/carte-acsi\/","og_locale":"fr_FR","og_type":"article","og_title":"Carte ACSI - Camping Igara de San Sebasti\u00e1n","og_description":"Conditions et avantages de la carte ACSI que les campeurs peuvent acheter pour b\u00e9n\u00e9ficier de r\u00e9ductions et d'autres avantages.","og_url":"https:\/\/campingigara.com\/fr\/carte-acsi\/","og_site_name":"Camping Igara de San Sebasti\u00e1n","article_modified_time":"2025-02-10T15:23:34+00:00","twitter_card":"summary_large_image","schema":{"@context":"https:\/\/schema.org","@graph":[{"@type":"WebSite","@id":"https:\/\/campingigara.com\/#website","url":"https:\/\/campingigara.com\/","name":"Camping Igara de San Sebasti\u00e1n","description":"a 10 minutos de San Sebasti\u00e1n","potentialAction":[{"@type":"SearchAction","target":{"@type":"EntryPoint","urlTemplate":"https:\/\/campingigara.com\/?s={search_term_string}"},"query-input":"required name=search_term_string"}],"inLanguage":"fr-FR"},{"@type":"WebPage","@id":"https:\/\/campingigara.com\/fr\/carte-acsi\/#webpage","url":"https:\/\/campingigara.com\/fr\/carte-acsi\/","name":"Carte ACSI - Camping Igara de San Sebasti\u00e1n","isPartOf":{"@id":"https:\/\/campingigara.com\/#website"},"datePublished":"2021-12-09T14:33:37+00:00","dateModified":"2025-02-10T15:23:34+00:00","description":"Conditions et avantages de la carte ACSI que les campeurs peuvent acheter pour b\u00e9n\u00e9ficier de r\u00e9ductions et d'autres avantages.","breadcrumb":{"@id":"https:\/\/campingigara.com\/fr\/carte-acsi\/#breadcrumb"},"inLanguage":"fr-FR","potentialAction":[{"@type":"ReadAction","target":["https:\/\/campingigara.com\/fr\/carte-acsi\/"]}]},{"@type":"BreadcrumbList","@id":"https:\/\/campingigara.com\/fr\/carte-acsi\/#breadcrumb","itemListElement":[{"@type":"ListItem","position":1,"name":"Portada","item":"https:\/\/campingigara.com\/fr\/"},{"@type":"ListItem","position":2,"name":"Carte ACSI"}]}]}},"acf":[],"_links":{"self":[{"href":"https:\/\/campingigara.com\/fr\/wp-json\/wp\/v2\/pages\/823"}],"collection":[{"href":"https:\/\/campingigara.com\/fr\/wp-json\/wp\/v2\/pages"}],"about":[{"href":"https:\/\/campingigara.com\/fr\/wp-json\/wp\/v2\/types\/page"}],"author":[{"embeddable":true,"href":"https:\/\/campingigara.com\/fr\/wp-json\/wp\/v2\/users\/1"}],"replies":[{"embeddable":true,"href":"https:\/\/campingigara.com\/fr\/wp-json\/wp\/v2\/comments?post=823"}],"version-history":[{"count":5,"href":"https:\/\/campingigara.com\/fr\/wp-json\/wp\/v2\/pages\/823\/revisions"}],"predecessor-version":[{"id":1097,"href":"https:\/\/campingigara.com\/fr\/wp-json\/wp\/v2\/pages\/823\/revisions\/1097"}],"wp:attachment":[{"href":"https:\/\/campingigara.com\/fr\/wp-json\/wp\/v2\/media?parent=823"}],"curies":[{"name":"wp","href":"https:\/\/api.w.org\/{rel}","templated":true}]}}